{"id":3299,"date":"2022-08-13T21:35:50","date_gmt":"2022-08-14T00:35:50","guid":{"rendered":"https:\/\/rccbrasil.org.br\/institucional\/?page_id=3299"},"modified":"2022-10-18T03:48:57","modified_gmt":"2022-10-18T06:48:57","slug":"home","status":"publish","type":"page","link":"https:\/\/rccbrasil.org.br\/institucional\/","title":{"rendered":"Home"},"content":{"rendered":"<article>\n                    <a href=\"https:\/\/rccbrasil.org.br\/institucional\/wp-admin\/post.php?post=1778&amp;action=edit\" target=\"_blank\" rel=\"noopener\"><br \/>\n                        edit post<br \/>\n                    <\/a><br \/>\n                    <a href=\"https:\/\/rccbrasil.org.br\/institucional\/2022\/07\/07\/carismatico-renove-seu-ardor-missionario\/\"><\/a><br \/>\n                        <a href=\"https:\/\/rccbrasil.org.br\/institucional\/category\/especial\/\">especial<\/a><\/p>\n<h3>\n                        <a href=\"https:\/\/rccbrasil.org.br\/institucional\/2022\/07\/07\/carismatico-renove-seu-ardor-missionario\/\">Carism\u00e1tico, renove seu ardor mission\u00e1rio!<\/a><br \/>\n                    <\/h3>\n<p>                    by <a href=\"https:\/\/rccbrasil.org.br\/institucional\/author\/admin\/\">admin<\/a><a href=\"https:\/\/rccbrasil.org.br\/institucional\/2022\/07\/07\/carismatico-renove-seu-ardor-missionario\/\"> 25 de julho de 2022<\/a><a href=\"https:\/\/rccbrasil.org.br\/institucional\/2022\/07\/07\/carismatico-renove-seu-ardor-missionario\/#respond\" > 0<\/a><\/p>\n<p>\u00a0 As pr\u00f3ximas tr\u00eas edi\u00e7\u00f5es da nossa Revista Renova\u00e7\u00e3o v\u00e3o abordar e aprofundar alguns temas norteadores trazidos como direcionamento para&#8230;<\/p>\n<\/article>\n<article>\n                    <a href=\"https:\/\/rccbrasil.org.br\/institucional\/wp-admin\/post.php?post=1776&amp;action=edit\" target=\"_blank\" rel=\"noopener\"><br \/>\n                        edit post<br \/>\n                    <\/a><br \/>\n                    <a href=\"https:\/\/rccbrasil.org.br\/institucional\/2022\/07\/04\/a-rccbrasil-se-une-em-oracao-e-pesar-pelo-falecimento-do-cardeal-claudio-hummes\/\"><\/a><br \/>\n                        <a href=\"https:\/\/rccbrasil.org.br\/institucional\/category\/especial\/\">especial<\/a><\/p>\n<h3>\n                        <a href=\"https:\/\/rccbrasil.org.br\/institucional\/2022\/07\/04\/a-rccbrasil-se-une-em-oracao-e-pesar-pelo-falecimento-do-cardeal-claudio-hummes\/\">A RCCBRASIL se une em ora\u00e7\u00e3o e pesar pelo falecimento do Cardeal Cl\u00e1udio Hummes<\/a><br \/>\n                    <\/h3>\n<p>                    by <a href=\"https:\/\/rccbrasil.org.br\/institucional\/author\/admin\/\">admin<\/a><a href=\"https:\/\/rccbrasil.org.br\/institucional\/2022\/07\/04\/a-rccbrasil-se-une-em-oracao-e-pesar-pelo-falecimento-do-cardeal-claudio-hummes\/\"> 25 de julho de 2022<\/a><a href=\"https:\/\/rccbrasil.org.br\/institucional\/2022\/07\/04\/a-rccbrasil-se-une-em-oracao-e-pesar-pelo-falecimento-do-cardeal-claudio-hummes\/#respond\" > 0<\/a><\/p>\n<p>A Renova\u00e7\u00e3o Carism\u00e1tica Cat\u00f3lica do Brasil se une em ora\u00e7\u00e3o e profundo pesar com a Arquidiocese de S\u00e3o Paulo pela&#8230;<\/p>\n<\/article>\n<article>\n                    <a href=\"https:\/\/rccbrasil.org.br\/institucional\/wp-admin\/post.php?post=1775&amp;action=edit\" target=\"_blank\" rel=\"noopener\"><br \/>\n                        edit post<br \/>\n                    <\/a><br \/>\n                    <a href=\"https:\/\/rccbrasil.org.br\/institucional\/2022\/06\/30\/tbt-de-norte-a-sul-de-leste-a-oeste-fogo-fogo-fogo-do-espirito-santo\/\"><\/a><br \/>\n                        <a href=\"https:\/\/rccbrasil.org.br\/institucional\/category\/especial\/\">especial<\/a><\/p>\n<h3>\n                        <a href=\"https:\/\/rccbrasil.org.br\/institucional\/2022\/06\/30\/tbt-de-norte-a-sul-de-leste-a-oeste-fogo-fogo-fogo-do-espirito-santo\/\">#TBT: De Norte a Sul, de Leste a Oeste, fogo, fogo, fogo do Esp\u00edrito Santo<\/a><br \/>\n                    <\/h3>\n<p>                    by <a href=\"https:\/\/rccbrasil.org.br\/institucional\/author\/admin\/\">admin<\/a><a href=\"https:\/\/rccbrasil.org.br\/institucional\/2022\/06\/30\/tbt-de-norte-a-sul-de-leste-a-oeste-fogo-fogo-fogo-do-espirito-santo\/\"> 25 de julho de 2022<\/a><a href=\"https:\/\/rccbrasil.org.br\/institucional\/2022\/06\/30\/tbt-de-norte-a-sul-de-leste-a-oeste-fogo-fogo-fogo-do-espirito-santo\/#respond\" > 0<\/a><\/p>\n<p>\u00a0 Toda quinta-feira muitos compartilham boas recorda\u00e7\u00f5es e fazem seu #TBT para dividir com os amigos nas redes sociais bons&#8230;<\/p>\n<\/article>\n<article>\n                    <a href=\"https:\/\/rccbrasil.org.br\/institucional\/wp-admin\/post.php?post=1773&amp;action=edit\" target=\"_blank\" rel=\"noopener\"><br \/>\n                        edit post<br \/>\n                    <\/a><br \/>\n                    <a href=\"https:\/\/rccbrasil.org.br\/institucional\/2022\/06\/22\/esta-sendo-realizado-em-roma-o-10o-encontro-mundial-das-familias\/\"><\/a><\/p>\n<h3>\n                        <a href=\"https:\/\/rccbrasil.org.br\/institucional\/2022\/06\/22\/esta-sendo-realizado-em-roma-o-10o-encontro-mundial-das-familias\/\">Est\u00e1 sendo realizado em Roma o 10\u00ba Encontro Mundial das Fam\u00edlias<\/a><br \/>\n                    <\/h3>\n<p>                    <a href=\"https:\/\/rccbrasil.org.br\/institucional\/2022\/06\/22\/esta-sendo-realizado-em-roma-o-10o-encontro-mundial-das-familias\/\" > 25 de julho de 2022<\/a><br \/>\n            <\/article>\n<article>\n                    <a href=\"https:\/\/rccbrasil.org.br\/institucional\/wp-admin\/post.php?post=1772&amp;action=edit\" target=\"_blank\" rel=\"noopener\"><br \/>\n                        edit post<br \/>\n                    <\/a><br \/>\n                    <a href=\"https:\/\/rccbrasil.org.br\/institucional\/2022\/06\/22\/carta-do-10o-encontro-mundial-das-familias\/\"><\/a><\/p>\n<h3>\n                        <a href=\"https:\/\/rccbrasil.org.br\/institucional\/2022\/06\/22\/carta-do-10o-encontro-mundial-das-familias\/\">Carta do 10\u00ba Encontro Mundial das Fam\u00edlias<\/a><br \/>\n                    <\/h3>\n<p>                    <a href=\"https:\/\/rccbrasil.org.br\/institucional\/2022\/06\/22\/carta-do-10o-encontro-mundial-das-familias\/\" > 25 de julho de 2022<\/a><br \/>\n            <\/article>\n<article>\n                    <a href=\"https:\/\/rccbrasil.org.br\/institucional\/wp-admin\/post.php?post=1771&amp;action=edit\" target=\"_blank\" rel=\"noopener\"><br \/>\n                        edit post<br \/>\n                    <\/a><br \/>\n                    <a href=\"https:\/\/rccbrasil.org.br\/institucional\/2022\/06\/22\/luigi-e-maria-beltrame-quattrocchi\/\"><\/a><\/p>\n<h3>\n                        <a href=\"https:\/\/rccbrasil.org.br\/institucional\/2022\/06\/22\/luigi-e-maria-beltrame-quattrocchi\/\">Luigi e Maria Beltrame Quattrocchi<\/a><br \/>\n                    <\/h3>\n<p>                    <a href=\"https:\/\/rccbrasil.org.br\/institucional\/2022\/06\/22\/luigi-e-maria-beltrame-quattrocchi\/\" > 25 de julho de 2022<\/a><br \/>\n            <\/article>\n<article>\n                    <a href=\"https:\/\/rccbrasil.org.br\/institucional\/wp-admin\/post.php?post=1758&amp;action=edit\" target=\"_blank\" rel=\"noopener\"><br \/>\n                        edit post<br \/>\n                    <\/a><br \/>\n                    <a href=\"https:\/\/rccbrasil.org.br\/institucional\/2022\/04\/25\/diante-daquele-que-se-assenta-no-trono-e-do-cordeiro\/\"><\/a><\/p>\n<h3>\n                        <a href=\"https:\/\/rccbrasil.org.br\/institucional\/2022\/04\/25\/diante-daquele-que-se-assenta-no-trono-e-do-cordeiro\/\">Diante Daquele que se assenta no Trono e do Cordeiro<\/a><br \/>\n                    <\/h3>\n<p>                    <a href=\"https:\/\/rccbrasil.org.br\/institucional\/2022\/04\/25\/diante-daquele-que-se-assenta-no-trono-e-do-cordeiro\/\" > 25 de julho de 2022<\/a><br \/>\n            <\/article>\n<article>\n                    <a href=\"https:\/\/rccbrasil.org.br\/institucional\/wp-admin\/post.php?post=1750&amp;action=edit\" target=\"_blank\" rel=\"noopener\"><br \/>\n                        edit post<br \/>\n                    <\/a><br \/>\n                    <a href=\"https:\/\/rccbrasil.org.br\/institucional\/2022\/03\/11\/dai-lhe-senhor-o-repouso-eterno-e-brilhe-para-ele-a-vossa-luz-amem\/\"><\/a><\/p>\n<h3>\n                        <a href=\"https:\/\/rccbrasil.org.br\/institucional\/2022\/03\/11\/dai-lhe-senhor-o-repouso-eterno-e-brilhe-para-ele-a-vossa-luz-amem\/\">A RCCBRASIL se une em ora\u00e7\u00e3o e profundo pesar pelo falecimento de Dom Jo\u00e3o Evangelista Martins Terra<\/a><br \/>\n                    <\/h3>\n<p>                    <a href=\"https:\/\/rccbrasil.org.br\/institucional\/2022\/03\/11\/dai-lhe-senhor-o-repouso-eterno-e-brilhe-para-ele-a-vossa-luz-amem\/\" > 25 de julho de 2022<\/a><br \/>\n            <\/article>\n<article>\n                    <a href=\"https:\/\/rccbrasil.org.br\/institucional\/wp-admin\/post.php?post=1749&amp;action=edit\" target=\"_blank\" rel=\"noopener\"><br \/>\n                        edit post<br \/>\n                    <\/a><br \/>\n                    <a href=\"https:\/\/rccbrasil.org.br\/institucional\/2022\/03\/03\/uma-edicao-que-te-ajuda-a-propagar-o-batismo-no-espirito-santo\/\"><\/a><\/p>\n<h3>\n                        <a href=\"https:\/\/rccbrasil.org.br\/institucional\/2022\/03\/03\/uma-edicao-que-te-ajuda-a-propagar-o-batismo-no-espirito-santo\/\">Uma edi\u00e7\u00e3o que te ajuda a propagar o Batismo no Esp\u00edrito Santo<\/a><br \/>\n                    <\/h3>\n<p>                    <a href=\"https:\/\/rccbrasil.org.br\/institucional\/2022\/03\/03\/uma-edicao-que-te-ajuda-a-propagar-o-batismo-no-espirito-santo\/\" > 25 de julho de 2022<\/a><br \/>\n            <\/article>\n<article>\n                    <a href=\"https:\/\/rccbrasil.org.br\/institucional\/wp-admin\/post.php?post=1743&amp;action=edit\" target=\"_blank\" rel=\"noopener\"><br \/>\n                        edit post<br \/>\n                    <\/a><br \/>\n                    <a href=\"https:\/\/rccbrasil.org.br\/institucional\/2022\/01\/14\/carismatico-comece-2022-repleto-de-esperanca\/\"><\/a><\/p>\n<h3>\n                        <a href=\"https:\/\/rccbrasil.org.br\/institucional\/2022\/01\/14\/carismatico-comece-2022-repleto-de-esperanca\/\">Carism\u00e1tico, comece 2022 repleto de esperan\u00e7a!<\/a><br \/>\n                    <\/h3>\n<p>                    <a href=\"https:\/\/rccbrasil.org.br\/institucional\/2022\/01\/14\/carismatico-comece-2022-repleto-de-esperanca\/\" > 25 de julho de 2022<\/a><br \/>\n            <\/article>\n<article>\n                    <a href=\"https:\/\/rccbrasil.org.br\/institucional\/wp-admin\/post.php?post=1733&amp;action=edit\" target=\"_blank\" rel=\"noopener\"><br \/>\n                        edit post<br \/>\n                    <\/a><br \/>\n                    <a href=\"https:\/\/rccbrasil.org.br\/institucional\/2021\/10\/27\/viva-o-verdadeiro-arrependimento-e-a-amizade-com-o-espirito-santo\/\"><\/a><\/p>\n<h3>\n                        <a href=\"https:\/\/rccbrasil.org.br\/institucional\/2021\/10\/27\/viva-o-verdadeiro-arrependimento-e-a-amizade-com-o-espirito-santo\/\">Viva o verdadeiro arrependimento e a amizade com o Esp\u00edrito Santo<\/a><br \/>\n                    <\/h3>\n<p>                    <a href=\"https:\/\/rccbrasil.org.br\/institucional\/2021\/10\/27\/viva-o-verdadeiro-arrependimento-e-a-amizade-com-o-espirito-santo\/\" > 25 de julho de 2022<\/a><br \/>\n            <\/article>\n<article>\n                    <a href=\"https:\/\/rccbrasil.org.br\/institucional\/wp-admin\/post.php?post=1716&amp;action=edit\" target=\"_blank\" rel=\"noopener\"><br \/>\n                        edit post<br \/>\n                    <\/a><br \/>\n                    <a href=\"https:\/\/rccbrasil.org.br\/institucional\/2021\/08\/09\/uma-edicao-que-te-ajuda-a-ser-um-guardiao-da-unidade\/\"><\/a><\/p>\n<h3>\n                        <a href=\"https:\/\/rccbrasil.org.br\/institucional\/2021\/08\/09\/uma-edicao-que-te-ajuda-a-ser-um-guardiao-da-unidade\/\">Uma edi\u00e7\u00e3o que te ajuda a ser um guardi\u00e3o da unidade!<\/a><br \/>\n                    <\/h3>\n<p>                    <a href=\"https:\/\/rccbrasil.org.br\/institucional\/2021\/08\/09\/uma-edicao-que-te-ajuda-a-ser-um-guardiao-da-unidade\/\" > 25 de julho de 2022<\/a><br \/>\n            <\/article>\n<article>\n                    <a href=\"https:\/\/rccbrasil.org.br\/institucional\/wp-admin\/post.php?post=1711&amp;action=edit\" target=\"_blank\" rel=\"noopener\"><br \/>\n                        edit post<br \/>\n                    <\/a><br \/>\n                    <a href=\"https:\/\/rccbrasil.org.br\/institucional\/2021\/06\/22\/dom-jose-aparecido-e-nomeado-como-referencial-da-cnbb-para-a-rccbrasil\/\"><\/a><\/p>\n<h3>\n                        <a href=\"https:\/\/rccbrasil.org.br\/institucional\/2021\/06\/22\/dom-jose-aparecido-e-nomeado-como-referencial-da-cnbb-para-a-rccbrasil\/\">Dom Jos\u00e9 Aparecido \u00e9 nomeado como Referencial da CNBB para a RCCBRASIL<\/a><br \/>\n                    <\/h3>\n<p>                    <a href=\"https:\/\/rccbrasil.org.br\/institucional\/2021\/06\/22\/dom-jose-aparecido-e-nomeado-como-referencial-da-cnbb-para-a-rccbrasil\/\" > 25 de julho de 2022<\/a><br \/>\n            <\/article>\n<article>\n                    <a href=\"https:\/\/rccbrasil.org.br\/institucional\/wp-admin\/post.php?post=1709&amp;action=edit\" target=\"_blank\" rel=\"noopener\"><br \/>\n                        edit post<br \/>\n                    <\/a><br \/>\n                    <a href=\"https:\/\/rccbrasil.org.br\/institucional\/2021\/05\/21\/que-tal-viver-pentecostes-2022-na-terra-santa\/\"><\/a><\/p>\n<h3>\n                        <a href=\"https:\/\/rccbrasil.org.br\/institucional\/2021\/05\/21\/que-tal-viver-pentecostes-2022-na-terra-santa\/\">Que tal viver Pentecostes 2022 na Terra Santa?<\/a><br \/>\n                    <\/h3>\n<p>                    <a href=\"https:\/\/rccbrasil.org.br\/institucional\/2021\/05\/21\/que-tal-viver-pentecostes-2022-na-terra-santa\/\" > 25 de julho de 2022<\/a><br \/>\n            <\/article>\n<article>\n                    <a href=\"https:\/\/rccbrasil.org.br\/institucional\/wp-admin\/post.php?post=1707&amp;action=edit\" target=\"_blank\" rel=\"noopener\"><br \/>\n                        edit post<br \/>\n                    <\/a><br \/>\n                    <a href=\"https:\/\/rccbrasil.org.br\/institucional\/2021\/05\/12\/viva-pentecostes-junto-com-a-rccbrasil\/\"><\/a><\/p>\n<h3>\n                        <a href=\"https:\/\/rccbrasil.org.br\/institucional\/2021\/05\/12\/viva-pentecostes-junto-com-a-rccbrasil\/\">Viva Pentecostes junto com a RCCBRASIL!<\/a><br \/>\n                    <\/h3>\n<p>                    <a href=\"https:\/\/rccbrasil.org.br\/institucional\/2021\/05\/12\/viva-pentecostes-junto-com-a-rccbrasil\/\" > 25 de julho de 2022<\/a><br \/>\n            <\/article>\n<article>\n                    <a href=\"https:\/\/rccbrasil.org.br\/institucional\/wp-admin\/post.php?post=1705&amp;action=edit\" target=\"_blank\" rel=\"noopener\"><br \/>\n                        edit post<br \/>\n                    <\/a><br \/>\n                    <a href=\"https:\/\/rccbrasil.org.br\/institucional\/2021\/04\/13\/disponivel-para-download-a-sugestao-de-arte-para-pentecostes-2021\/\"><\/a><\/p>\n<h3>\n                        <a href=\"https:\/\/rccbrasil.org.br\/institucional\/2021\/04\/13\/disponivel-para-download-a-sugestao-de-arte-para-pentecostes-2021\/\">Dispon\u00edvel para download a sugest\u00e3o de arte para Pentecostes 2021<\/a><br \/>\n                    <\/h3>\n<p>                    <a href=\"https:\/\/rccbrasil.org.br\/institucional\/2021\/04\/13\/disponivel-para-download-a-sugestao-de-arte-para-pentecostes-2021\/\" > 25 de julho de 2022<\/a><br \/>\n            <\/article>\n<article>\n                    <a href=\"https:\/\/rccbrasil.org.br\/institucional\/wp-admin\/post.php?post=1704&amp;action=edit\" target=\"_blank\" rel=\"noopener\"><br \/>\n                        edit post<br \/>\n                    <\/a><br \/>\n                    <a href=\"https:\/\/rccbrasil.org.br\/institucional\/2021\/04\/08\/uma-edicao-especial-dedicada-ao-maior-encontro-nacional-de-formacao-da-rccbrasil\/\"><\/a><\/p>\n<h3>\n                        <a href=\"https:\/\/rccbrasil.org.br\/institucional\/2021\/04\/08\/uma-edicao-especial-dedicada-ao-maior-encontro-nacional-de-formacao-da-rccbrasil\/\">Edi\u00e7\u00e3o especial: Dedicada ao maior Encontro Nacional de Forma\u00e7\u00e3o da RCCBRASIL<\/a><br \/>\n                    <\/h3>\n<p>                    <a href=\"https:\/\/rccbrasil.org.br\/institucional\/2021\/04\/08\/uma-edicao-especial-dedicada-ao-maior-encontro-nacional-de-formacao-da-rccbrasil\/\" > 25 de julho de 2022<\/a><br \/>\n            <\/article>\n<article>\n                    <a href=\"https:\/\/rccbrasil.org.br\/institucional\/wp-admin\/post.php?post=1702&amp;action=edit\" target=\"_blank\" rel=\"noopener\"><br \/>\n                        edit post<br \/>\n                    <\/a><br \/>\n                    <a href=\"https:\/\/rccbrasil.org.br\/institucional\/2021\/04\/01\/reze-com-a-rccbrasil\/\"><\/a><\/p>\n<h3>\n                        <a href=\"https:\/\/rccbrasil.org.br\/institucional\/2021\/04\/01\/reze-com-a-rccbrasil\/\">Reze com a RCCBRASIL<\/a><br \/>\n                    <\/h3>\n<p>                    <a href=\"https:\/\/rccbrasil.org.br\/institucional\/2021\/04\/01\/reze-com-a-rccbrasil\/\" > 25 de julho de 2022<\/a><br \/>\n            <\/article>\n<article>\n                    <a href=\"https:\/\/rccbrasil.org.br\/institucional\/wp-admin\/post.php?post=1695&amp;action=edit\" target=\"_blank\" rel=\"noopener\"><br \/>\n                        edit post<br \/>\n                    <\/a><br \/>\n                    <a href=\"https:\/\/rccbrasil.org.br\/institucional\/2021\/03\/01\/agora-e-possivel-viver-o-enf-por-6-meses\/\"><\/a><\/p>\n<h3>\n                        <a href=\"https:\/\/rccbrasil.org.br\/institucional\/2021\/03\/01\/agora-e-possivel-viver-o-enf-por-6-meses\/\">Agora \u00e9 poss\u00edvel viver o ENF por 6 meses!<\/a><br \/>\n                    <\/h3>\n<p>                    <a href=\"https:\/\/rccbrasil.org.br\/institucional\/2021\/03\/01\/agora-e-possivel-viver-o-enf-por-6-meses\/\" > 25 de julho de 2022<\/a><br \/>\n            <\/article>\n<article>\n                    <a href=\"https:\/\/rccbrasil.org.br\/institucional\/wp-admin\/post.php?post=1692&amp;action=edit\" target=\"_blank\" rel=\"noopener\"><br \/>\n                        edit post<br \/>\n                    <\/a><br \/>\n                    <a href=\"https:\/\/rccbrasil.org.br\/institucional\/2021\/02\/10\/uma-edicao-que-te-ajuda-a-guardar-a-identidade-da-rcc\/\"><\/a><\/p>\n<h3>\n                        <a href=\"https:\/\/rccbrasil.org.br\/institucional\/2021\/02\/10\/uma-edicao-que-te-ajuda-a-guardar-a-identidade-da-rcc\/\">Uma edi\u00e7\u00e3o que te ajuda a GUARDAR a identidade da RCC<\/a><br \/>\n                    <\/h3>\n<p>                    <a href=\"https:\/\/rccbrasil.org.br\/institucional\/2021\/02\/10\/uma-edicao-que-te-ajuda-a-guardar-a-identidade-da-rcc\/\" > 25 de julho de 2022<\/a><br \/>\n            <\/article>\n","protected":false},"excerpt":{"rendered":"<p>edit post especial Carism\u00e1tico, renove seu ardor mission\u00e1rio! by admin 25 de julho de 2022 0 \u00a0 As pr\u00f3ximas tr\u00eas edi\u00e7\u00f5es da nossa Revista Renova\u00e7\u00e3o v\u00e3o abordar e aprofundar alguns temas norteadores trazidos como direcionamento para&#8230; edit post especial A RCCBRASIL se une em ora\u00e7\u00e3o e pesar pelo falecimento do Cardeal Cl\u00e1udio Hummes by admin [&hellip;]<\/p>\n","protected":false},"author":2,"featured_media":0,"parent":0,"menu_order":0,"comment_status":"closed","ping_status":"closed","template":"elementor_header_footer","meta":{"_jet_sm_ready_style":"","_jet_sm_style":"","_jet_sm_controls_values":"","_jet_sm_fonts_collection":"","_jet_sm_fonts_links":""},"aioseo_notices":[],"_links":{"self":[{"href":"https:\/\/rccbrasil.org.br\/institucional\/wp-json\/wp\/v2\/pages\/3299"}],"collection":[{"href":"https:\/\/rccbrasil.org.br\/institucional\/wp-json\/wp\/v2\/pages"}],"about":[{"href":"https:\/\/rccbrasil.org.br\/institucional\/wp-json\/wp\/v2\/types\/page"}],"author":[{"embeddable":true,"href":"https:\/\/rccbrasil.org.br\/institucional\/wp-json\/wp\/v2\/users\/2"}],"replies":[{"embeddable":true,"href":"https:\/\/rccbrasil.org.br\/institucional\/wp-json\/wp\/v2\/comments?post=3299"}],"version-history":[{"count":13,"href":"https:\/\/rccbrasil.org.br\/institucional\/wp-json\/wp\/v2\/pages\/3299\/revisions"}],"predecessor-version":[{"id":3447,"href":"https:\/\/rccbrasil.org.br\/institucional\/wp-json\/wp\/v2\/pages\/3299\/revisions\/3447"}],"wp:attachment":[{"href":"https:\/\/rccbrasil.org.br\/institucional\/wp-json\/wp\/v2\/media?parent=3299"}],"curies":[{"name":"wp","href":"https:\/\/api.w.org\/{rel}","templated":true}]}}